{"id":363,"date":"2026-01-25T14:11:56","date_gmt":"2026-01-25T13:11:56","guid":{"rendered":"https:\/\/bigwa.web.th-koeln.de\/wordpress\/?page_id=363"},"modified":"2026-03-18T15:49:18","modified_gmt":"2026-03-18T14:49:18","slug":"personen-und-kompetenzen","status":"publish","type":"page","link":"https:\/\/bigwa.web.th-koeln.de\/wordpress\/?page_id=363","title":{"rendered":"Personen und Kompetenzen"},"content":{"rendered":"\n<p><strong>Beteiligte Einrichtungen an der TH K\u00f6ln<\/strong><\/p>\n\n\n\n<p><a href=\"https:\/\/www.th-koeln.de\/hochschule\/akademie-fuer-wissenschaftliche-weiterbildung_35103.php\">Akademie f\u00fcr wissenschaftliche Weiterbildung<\/a> (AWW)<br> <a href=\"https:\/\/www.th-koeln.de\/hochschule\/fakultaeten_325.php\">Fakult\u00e4ten<\/a>:<br><a href=\"https:\/\/www.th-koeln.de\/angewandte-naturwissenschaften\/fakultaet-fuer-angewandte-naturwissenschaften_2467.php\">Angewandte Naturwissenschaften<\/a><br><a href=\"https:\/\/www.th-koeln.de\/angewandte-sozialwissenschaften\/angewandte-sozialwissenschaften_46.php\">Angewandte Sozialwissenschaften<\/a> <br><a href=\"https:\/\/www.th-koeln.de\/anlagen-energie-und-maschinensysteme\/fakultaet-fuer-anlagen-energie--und-maschinensysteme_2465.php\">Anlagen, Energie- und Maschinensysteme<\/a> <br><a href=\"https:\/\/www.th-koeln.de\/architektur\/fakultaet-fuer-architektur_2461.php\">Architektur<\/a><br><a href=\"https:\/\/www.th-koeln.de\/bauingenieurwesen-und-umwelttechnik\/fakultaet-fuer-bauingenieurwesen-und-umwelttechnik_2462.php\">Bauingenieurwesen und Umwelttechnik<\/a><br><a href=\"https:\/\/www.th-koeln.de\/fahrzeugsysteme-und-produktion\/fakultaet-fuer-fahrzeugsysteme-und-produktion_2464.php\">Fahrzeugsysteme und Produktion<\/a><br><a href=\"https:\/\/www.th-koeln.de\/informatik-und-ingenieurwissenschaften\/fakultaet-fuer-informatik-und-ingenieurwissenschaften_2466.php\">Informatik und Ingenieurwissenschaften<\/a> <br><a href=\"https:\/\/www.th-koeln.de\/informations-und-kommunikationswissenschaften\/fakultaet-fuer-informations--und-kommunikationswissenschaften_2459.php\">Informations- und Kommunikationswissenschaften<\/a><br><a href=\"https:\/\/www.th-koeln.de\/informations-medien-und-elektrotechnik\/fakultaet-fuer-informations--medien--und-elektrotechnik_2463.php\">Informations-, Medien- und Elektrotechnik<\/a> <br><a href=\"https:\/\/www.th-koeln.de\/kulturwissenschaften\/fakultaet-fuer-kulturwissenschaften_2458.php\">Kulturwissenschaften<\/a><br><a href=\"https:\/\/www.th-koeln.de\/raumentwicklung-und-infrastruktursysteme\/fakultaet-fuer-raumentwicklung-und-infrastruktursysteme_71815.php\">Raumentwicklung und Infrastruktursysteme<\/a><br><a href=\"https:\/\/www.th-koeln.de\/wirtschafts-und-rechtswissenschaften\/fakultaet-fuer-wirtschafts--und-rechtswissenschaften_2460.php\">Wirtschafts- und Rechtswissenschaften<\/a><\/p>\n\n\n\n<p>Forschungscluster <a href=\"https:\/\/www.th-koeln.de\/forschung\/ki-cluster_101889.php\">THK AI-Forschungscluster<\/a><br>Forschungscluster <a href=\"https:\/\/www.th-koeln.de\/forschung\/circular-transformation-lab-cologne_92515.php\">Circular Transformation Lab<\/a><br>Forschungsschwerpunkt<a href=\"https:\/\/www.th-koeln.de\/angewandte-sozialwissenschaften\/autonomieraeume-im-sozialstaat---forschungsschwerpunkt-an-der-fakultaet-fuer-angewandte-sozialwissenschaften_67082.php\"> Autonomier\u00e4ume im Sozialstaat<\/a><br>Forschungsschwerpunkt <a href=\"https:\/\/www.th-koeln.de\/forschung\/integriertes-wasserressourcenmanagement--iwrm_3400.php\">Integriertes Wasserressourcenmanagement IWRM<\/a><br>Forschungsschwerpunkt <a href=\"https:\/\/research-knowledge-discovery.github.io\/\">Research Knowledge Discovery<\/a><br>Forschungsstelle <a href=\"https:\/\/www.th-koeln.de\/wirtschafts-und-rechtswissenschaften\/forschungsstelle-faris_18905.php\">FaRis &#8211; Finanzielles &amp; aktuarielles Risikomanagement<\/a><br>Forschungsstelle <a href=\"https:\/\/www.th-koeln.de\/forschung\/forschungsstellen_2742.php\">Sustainability.Institutions.Management.Markets<\/a><\/p>\n\n\n\n<p><strong>Koordinatoren<\/strong><br><a href=\"https:\/\/www.th-koeln.de\/personen\/alexander.fekete\/\">Prof. Dr. Alexander Fekete<\/a> (Naturgefahren, Kritische Infrastruktur, Bev\u00f6lkerungsschutz) <br><a href=\"https:\/\/www.th-koeln.de\/personen\/udo.nehren\/\">Prof. Dr. Udo Nehren<\/a> (\u00d6kosystemrisiken, gr\u00fcn-blaue Infrastruktur, Naturbasierte L\u00f6sungen)<\/p>\n\n\n\n<p><strong>Senior Researchers<\/strong><br><a href=\"https:\/\/www.th-koeln.de\/personen\/ilona.arcaro\/\">Ilona Arcaro<\/a> (Wiss. Weiterbildung, Transfer, Sozialwissenschaften)<br><a href=\"https:\/\/www.th-koeln.de\/personen\/thomas.bartz-beielstein\/\">Prof. Dr. Thomas Bartz-Beielstein<\/a> (K\u00fcnstliche Intelligenz, Informatik, Data Science)<br><a href=\"https:\/\/www.th-koeln.de\/personen\/ulf.blieske\/\">Prof. Dr. Ulf Blieske<\/a> (Erneuerbare Energien, Energieeffizienz im Geb\u00e4ude, Photovoltaik)<br><a href=\"https:\/\/www.th-koeln.de\/personen\/gerd.braun\/\">Prof. Dr. Gerhard Braun<\/a> (Thermische Verfahrenstechnik, Membranprozesse, Wasseraufbereitung)<br><a href=\"https:\/\/www.th-koeln.de\/personen\/maik.dapper\/\">Prof. Dr. Maik Dapper<\/a> (Gastechnik, Heiz- und K\u00fchlsysteme, Sanierung denkmalwerter Geb\u00e4ude)<br><a href=\"https:\/\/www.th-koeln.de\/personen\/isabelle.dembach\/\">Prof. Dr. Isabelle Dembach<\/a> (Verkehrswesen, Verkehrsplanung, Stra\u00dfenentwurf<br><a href=\"https:\/\/www.th-koeln.de\/personen\/pietro.dibiase\/\">Prof. Dr. Pietro Di Biase<\/a> (Bauphysik, Energieeffiziente Geb\u00e4udeh\u00fcllen, Nachhaltiges Bauen)<br><a href=\"https:\/\/www.th-koeln.de\/personen\/thorsten.burgmer\/\">Prof. Thorsten Burgmer<\/a> (Architektur, resilientes Bauen, Energetische Konzepte)<br><a href=\"https:\/\/www.th-koeln.de\/personen\/ralf.engels\/\">Prof. Ralf Engels<\/a> (Geoinformation, Infrastruktur- und Raumplanung, Digitaler Zwilling)<br><a href=\"https:\/\/www.th-koeln.de\/personen\/manfred.fink\/\">Prof. Dr. Manfred Fink<\/a> (R\u00e4umliche Analyse, Hydrologische Modellierung, Wasserversorgung)<br><a href=\"https:\/\/www.th-koeln.de\/personen\/stephan.freichel\/\">Prof. Dr. Stephan Freichel<\/a> (Supply Chains, Value Chains, Lean Logistics Operations)<br><a href=\"https:\/\/www.th-koeln.de\/personen\/claudia.frick\/\">Prof. Dr. Claudia Frick<\/a> (Wissenschaftskommunikation, Open Science, Meteorologie)<br><a href=\"https:\/\/www.th-koeln.de\/personen\/arnulph.fuhrmann\/\">Prof. Dr. Arnulph Fuhrmann<\/a> (Virtual Reality und Augmented Reality, 3D Simulation, Kollisionserkennung)<br><a href=\"https:\/\/www.th-koeln.de\/personen\/benedikt.funke\/\">Prof. Dr. Benedikt Funke<\/a> (Finanzielles und betriebliches Risikomanagement, Data Science, Schaden- und Unfallversicherung)<br><a href=\"https:\/\/www.th-koeln.de\/personen\/daniel.gaida\/\">Prof. Dr. Daniel Gaida<\/a> (Machine Learning, K\u00fcnstliche Intelligenz, Datensouver\u00e4nit\u00e4t)<br><a href=\"https:\/\/www.th-koeln.de\/personen\/agnieszka.gehringer\/\">Prof. Dr. Agnieszka Gehringer<\/a> (Internationale Wirtschaft,\u00a0Geopolitik, Kritische Infrastruktur)<br><a href=\"https:\/\/colognegamelab.de\/about\/faculty-staff\/professors\/prof-dr-emmanuel-guardiola\/\">Prof. Emmanuel Guardiola, PhD<\/a> (Cologne Game Lab, computer sciences, refugee crisis)<br><a href=\"https:\/\/www.th-koeln.de\/personen\/johannes.hamhaber\/\">Prof. Dr. Johannes Hamhaber<\/a> (Natural Resources Sociology and Governance, Resource-efficient and Resilient Cities, Sustainability Transition)<br><a href=\"https:\/\/www.th-koeln.de\/personen\/gernot.heisenberg\/\">Prof. Dr. Gernot Heisenberg<\/a> (Machine Learning, Data Analytics, Time Series Analysis) <br><a href=\"https:\/\/www.th-koeln.de\/en\/person\/kathrin.hesse\/\">Prof. Dr. Kathrin Hesse<\/a> (Energieeffizienz in der Logistik, Nachhaltigkeit, Gefahrstoffe)<br><a href=\"https:\/\/www.th-koeln.de\/personen\/matthias.hochguertel\/https:\/\/www.th-koeln.de\/personen\/matthias.hochguertel\/\">Prof. Dr. Matthias Hochg\u00fcrtel<\/a> (Wirkstoffforschung, Arzneimittel, Medizinische Chemie)<br><a href=\"https:\/\/www.th-koeln.de\/personen\/christine.horz\/\">Prof. Dr. Christine Horz-Ishak<\/a> (Migration und Diversity in den Medien, transkulturelle und kosmopolitische Kommunikation, Transformation und Zukunft der \u00f6ffentlich-rechtlichen Medien<br><a href=\"https:\/\/www.th-koeln.de\/personen\/christian.jokiel\/\">Prof. Dr. Christian Jokiel<\/a> (Wasserbau, Hochwasser- und Gew\u00e4sserschutz)<br><a href=\"https:\/\/www.th-koeln.de\/personen\/nina.kloster\/\">Prof. Dr. Nina Kloster<\/a> (Gesundheit und Komfort, Building Information Modeling, Klimaresilienz im urbanen Raum)<br><a href=\"https:\/\/www.th-koeln.de\/personen\/jens_onno.krah\/\">Prof. Dr. Jens Onno Krah<\/a> (Regelungstechnik, Funktionale Sicherheit, Digital Motion Control)<br><a href=\"https:\/\/www.th-koeln.de\/personen\/georg.lamberty\/\">Dr. Georg Lamberty<\/a> (Landschaftsplanung, Gew\u00e4sserentwicklung, Hydromorphologie)<br><a href=\"https:\/\/www.th-koeln.de\/personen\/ulrike.leyn\/\">Prof. Dr. Ulrike Leyn<\/a> (Schienenverkehr, \u00d6ffentliche Verkehrssysteme)<br><a href=\"https:\/\/www.th-koeln.de\/personen\/ompe_aime.mudimu\/\">Prof. Dr. Ompe Aime Mudimu<\/a> (Wasseraufbereitung, Sicherheitsforschung, Biomedizintechnik)<br><a href=\"https:\/\/www.th-koeln.de\/personen\/arjuna.nebel\/\">Prof. Dr. Arjuna Nebel<\/a> (Energiesystemmodelllierung, Energy Transition)<br><a href=\"https:\/\/www.th-koeln.de\/personen\/claudia.raedig\/\">Dr. Claudia Raedig<\/a> (Ecosystems, Biodiversity and connectivity conservation)<br><a href=\"https:\/\/www.th-koeln.de\/personen\/lars.ribbe\/\">Prof. Dr. Lars Ribbe<\/a> (Watershed Monitoring, Modeling and Management, Sustainable Water Energy Food Nexus)<br><a href=\"https:\/\/www.th-koeln.de\/personen\/anja.richert\/\">Prof. Dr. Anja Richert<\/a> (Datengetriebenes Innovationsmanagement, Soziale Robotik, Digitale Lern- und Arbeitswelten)<br><a href=\"https:\/\/www.th-koeln.de\/personen\/frank.roegener\/\">Prof. Dr. Frank Roegener<\/a> (Abwasser- und Recyclingtechnik, Trinnkwasser, Energie- und Ressourceneffizienz in der Verfahrenstechnik)<br><a href=\"https:\/\/www.th-koeln.de\/personen\/torsten.rohlfs\/\">Prof. Dr. Torsten Rohlfs<\/a> (Versicherungswesen, Controlling) <br><a href=\"https:\/\/www.th-koeln.de\/en\/person\/sabine.schlueter\/\">Prof. Dr. Sabine Schl\u00fcter<\/a> (Food security, rural development, Food-Energy Nexus)<br><a href=\"https:\/\/www.th-koeln.de\/en\/person\/tim.schubert\/\">Prof. Dr. Tim Schubert<\/a> (Particle Technology\u00a0Mechanical process engineering, material cycles, gas purification and gas processing)<br><a href=\"https:\/\/www.th-koeln.de\/en\/person\/ingo.stadler\/\">Prof. Dr. Ingo Stadler<\/a> (Renewable energy\u00a0integration, energy systems, supply structures)<br><a href=\"https:\/\/www.th-koeln.de\/en\/person\/sabine.tastel\/\">Prof. Sabine Tastel<\/a> (Architektur, zirkul\u00e4re Stadt, Stadtentwicklung)<br><a href=\"https:\/\/www.th-koeln.de\/en\/person\/kai.thuerbach\/\">Prof. Dr. Kai Th\u00fcrbach<\/a> (Entrepreneurship, Management Strategy, Leadership and Business Ethics)<br><a href=\"https:\/\/akoeln.de\/personen\/utku\/\">Prof. Yasemin Utku<\/a> (Architektur, St\u00e4dtebau und Planungspraxis)<br><a href=\"https:\/\/www.th-koeln.de\/en\/person\/valerie.varney\/\">Prof. Dr. Val\u00e9rie Varney<\/a> (Innovation Management, Human Robot Collaboration, Mixed Reality)<br><a href=\"https:\/\/www.th-koeln.de\/en\/person\/christian.wolf\/\">Prof. Dr. Christian Wolf <\/a>(Circular Economy, Wastewater management, Digitalization)<br><a href=\"https:\/\/www.th-koeln.de\/personen\/claudia.ziller\/\">Prof. Dr. Claudia Ziller<\/a> (Green Building, Klimaneutralit\u00e4t, digitale Bauprozesse)<\/p>\n\n\n\n<p><strong>Early Career Scientists<\/strong><br><a href=\"https:\/\/www.th-koeln.de\/en\/person\/julia.dick\/\">Julia Dick <\/a>(Verkehrswesen, Bauingenieurwesen)<br><a href=\"https:\/\/www.th-koeln.de\/en\/person\/chris.hetkaemper\/\">Chris Hetk\u00e4mper<\/a> (Rettungsingenieurwesen, Akteursmapping, Transfer)<br><a href=\"https:\/\/www.th-koeln.de\/personen\/christine.hottenrott\/\">Christine Hottenrott<\/a> (Wiss. Weiterbildung, Transfer)<br><a href=\"https:\/\/www.th-koeln.de\/personen\/lisanne.kroell\/\">Lisanne Kr\u00f6ll<\/a> (Architektur, resilientes Bauen)<br><\/p>\n\n\n\n<p><\/p>\n","protected":false},"excerpt":{"rendered":"<div class=\"entry-summary\">\nBeteiligte Einrichtungen an der TH K\u00f6ln Akademie f\u00fcr wissenschaftliche Weiterbildung (AWW) Fakult\u00e4ten:Angewandte NaturwissenschaftenAngewandte Sozialwissenschaften Anlagen, Energie- und Maschinensysteme ArchitekturBauingenieurwesen und UmwelttechnikFahrzeugsysteme und ProduktionInformatik und Ingenieurwissenschaften Informations- und KommunikationswissenschaftenInformations-, Medien- und Elektrotechnik KulturwissenschaftenRaumentwicklung und InfrastruktursystemeWirtschafts- und Rechtswissenschaften Forschungscluster THK AI-ForschungsclusterForschungscluster Circular&hellip;\n<\/div>\n<div class=\"link-more\"><a href=\"https:\/\/bigwa.web.th-koeln.de\/wordpress\/?page_id=363\" class=\"more-link\"><span class=\"screen-reader-text\"> &ldquo;Personen und Kompetenzen&rdquo;<\/span> weiterlesen\u00a0&hellip;<\/a><\/div>\n","protected":false},"author":1,"featured_media":0,"parent":0,"menu_order":0,"comment_status":"closed","ping_status":"closed","template":"","meta":{"footnotes":""},"class_list":["post-363","page","type-page","status-publish","hentry","entry"],"_links":{"self":[{"href":"https:\/\/bigwa.web.th-koeln.de\/wordpress\/index.php?rest_route=\/wp\/v2\/pages\/363","targetHints":{"allow":["GET"]}}],"collection":[{"href":"https:\/\/bigwa.web.th-koeln.de\/wordpress\/index.php?rest_route=\/wp\/v2\/pages"}],"about":[{"href":"https:\/\/bigwa.web.th-koeln.de\/wordpress\/index.php?rest_route=\/wp\/v2\/types\/page"}],"author":[{"embeddable":true,"href":"https:\/\/bigwa.web.th-koeln.de\/wordpress\/index.php?rest_route=\/wp\/v2\/users\/1"}],"replies":[{"embeddable":true,"href":"https:\/\/bigwa.web.th-koeln.de\/wordpress\/index.php?rest_route=%2Fwp%2Fv2%2Fcomments&post=363"}],"version-history":[{"count":22,"href":"https:\/\/bigwa.web.th-koeln.de\/wordpress\/index.php?rest_route=\/wp\/v2\/pages\/363\/revisions"}],"predecessor-version":[{"id":416,"href":"https:\/\/bigwa.web.th-koeln.de\/wordpress\/index.php?rest_route=\/wp\/v2\/pages\/363\/revisions\/416"}],"wp:attachment":[{"href":"https:\/\/bigwa.web.th-koeln.de\/wordpress\/index.php?rest_route=%2Fwp%2Fv2%2Fmedia&parent=363"}],"curies":[{"name":"wp","href":"https:\/\/api.w.org\/{rel}","templated":true}]}}