{"id":327,"date":"2026-01-25T11:10:15","date_gmt":"2026-01-25T10:10:15","guid":{"rendered":"https:\/\/bigwa.web.th-koeln.de\/wordpress\/?page_id=327"},"modified":"2026-01-25T13:13:17","modified_gmt":"2026-01-25T12:13:17","slug":"schwerpunktthemen","status":"publish","type":"page","link":"https:\/\/bigwa.web.th-koeln.de\/wordpress\/?page_id=327","title":{"rendered":"Schwerpunktthemen"},"content":{"rendered":"\n<ul class=\"wp-block-list\">\n<li><a href=\"https:\/\/bigwa.web.th-koeln.de\/wordpress\/?page_id=311\" data-type=\"page\" data-id=\"311\">Bev\u00f6lkerungs- und Katastrophenschutz<\/a><\/li>\n\n\n\n<li>Datenresilienz<\/li>\n\n\n\n<li>Digitale Technologien<\/li>\n\n\n\n<li>Informationsversorgung<\/li>\n\n\n\n<li>Kritische Handelsabh\u00e4ngigkeiten in geopolitisch herausforderndem Kontext<\/li>\n\n\n\n<li>Kritische Infrastruktur und Versorgungssicherheit<\/li>\n\n\n\n<li>L\u00e4ndliche und st\u00e4dtische Resilienz<\/li>\n\n\n\n<li>Nachhaltigkeitstransformation, Transformationsresilienz<\/li>\n\n\n\n<li>Naturbasierte L\u00f6sungen<\/li>\n\n\n\n<li>\u00d6konomische Vulnerabilit\u00e4t und Resilienz<\/li>\n\n\n\n<li>R\u00e4umliche Risikoanalyse (auch \u00f6kologische, \u00f6konomische, soziale usw.)<\/li>\n\n\n\n<li>Soziale Verwundbarkeit und Resilienz<\/li>\n\n\n\n<li>Transformation von Gesellschaft, Umwelt, Technik und Wirtschaft<\/li>\n\n\n\n<li>Weiterbildung und Transfer<\/li>\n<\/ul>\n\n\n\n<p><\/p>\n","protected":false},"excerpt":{"rendered":"<div class=\"link-more\"><a href=\"https:\/\/bigwa.web.th-koeln.de\/wordpress\/?page_id=327\" class=\"more-link\"><span class=\"screen-reader-text\"> &ldquo;Schwerpunktthemen&rdquo;<\/span> weiterlesen\u00a0&hellip;<\/a><\/div>\n","protected":false},"author":1,"featured_media":0,"parent":0,"menu_order":0,"comment_status":"closed","ping_status":"closed","template":"","meta":{"footnotes":""},"class_list":["post-327","page","type-page","status-publish","hentry","entry"],"_links":{"self":[{"href":"https:\/\/bigwa.web.th-koeln.de\/wordpress\/index.php?rest_route=\/wp\/v2\/pages\/327","targetHints":{"allow":["GET"]}}],"collection":[{"href":"https:\/\/bigwa.web.th-koeln.de\/wordpress\/index.php?rest_route=\/wp\/v2\/pages"}],"about":[{"href":"https:\/\/bigwa.web.th-koeln.de\/wordpress\/index.php?rest_route=\/wp\/v2\/types\/page"}],"author":[{"embeddable":true,"href":"https:\/\/bigwa.web.th-koeln.de\/wordpress\/index.php?rest_route=\/wp\/v2\/users\/1"}],"replies":[{"embeddable":true,"href":"https:\/\/bigwa.web.th-koeln.de\/wordpress\/index.php?rest_route=%2Fwp%2Fv2%2Fcomments&post=327"}],"version-history":[{"count":2,"href":"https:\/\/bigwa.web.th-koeln.de\/wordpress\/index.php?rest_route=\/wp\/v2\/pages\/327\/revisions"}],"predecessor-version":[{"id":360,"href":"https:\/\/bigwa.web.th-koeln.de\/wordpress\/index.php?rest_route=\/wp\/v2\/pages\/327\/revisions\/360"}],"wp:attachment":[{"href":"https:\/\/bigwa.web.th-koeln.de\/wordpress\/index.php?rest_route=%2Fwp%2Fv2%2Fmedia&parent=327"}],"curies":[{"name":"wp","href":"https:\/\/api.w.org\/{rel}","templated":true}]}}